{"id":95,"date":"2023-06-05T18:07:17","date_gmt":"2023-06-05T16:07:17","guid":{"rendered":"https:\/\/buergerstiftung.virthos.net\/?page_id=95"},"modified":"2023-06-05T18:07:17","modified_gmt":"2023-06-05T16:07:17","slug":"durch-ihre-zeit","status":"publish","type":"page","link":"https:\/\/buergerstiftung.virthos.net\/index.php\/durch-ihre-zeit\/","title":{"rendered":"Durch Ihre Zeit"},"content":{"rendered":"\n<h2 class=\"wp-block-heading\"><strong>Als Ehrenamtliche oder Ehrenamtlicher<\/strong><\/h2>\n\n\n\n<p>Die vielf\u00e4ltigen Aktivit\u00e4ten der B\u00fcrgerstiftung Lilienthal w\u00e4ren ohne die engagierte Mitarbeit von Ehrenamtlichen, den \u201e<strong>Zeitstiftern\u201c<\/strong> nicht m\u00f6glich. F\u00fcr Menschen jeden Alters und mit unterschiedlichen Interessen gibt es viele M\u00f6glichkeiten zum Mitmachen.<\/p>\n\n\n\n<p>Sie engagieren sich mit der Zeit, die sie einbringen k\u00f6nnen \u2013 das k\u00f6nnen auch sehr flexible Zeiten sein<\/p>\n\n\n\n<ul class=\"wp-block-list\">\n<li>in den unterschiedlichen Projekten der B\u00fcrgerstiftung,<\/li>\n\n\n\n<li>unterst\u00fctzen uns auf vielf\u00e4ltige Art und Weise bei den unterschiedlichsten Aktionen und Veranstaltungen,<\/li>\n\n\n\n<li>engagieren sich in den Gremien.<\/li>\n<\/ul>\n\n\n\n<h2 class=\"wp-block-heading\">Im Vorstand oder Stiftungsrat (Gremienarbeit)<\/h2>\n\n\n\n<ul class=\"wp-block-list\">\n<li>Vorstand (Management)<\/li>\n\n\n\n<li>Stiftungsrat (Aufsichtsorgan)<\/li>\n\n\n\n<li>Stiftungsversammlung<\/li>\n<\/ul>\n\n\n\n<p>Haben Sie Interesse, uns mit Ihren F\u00e4higkeiten, Ihren Talenten, Ihrem Wissen zu unterst\u00fctzen? Ihnen liegt ein bestimmtes Anliegen am Herzen, das Sie mit der B\u00fcrgerstiftung umsetzen wollen?<\/p>\n\n\n\n<p>Wir freuen uns immer \u00fcber Menschen, die die Arbeit der B\u00fcrgerstiftung unterst\u00fctzen wollen.<\/p>\n\n\n\n<p>Bitte nehmen Sie Kontakt zu uns auf, wir freuen uns auf Sie!<\/p>\n","protected":false},"excerpt":{"rendered":"<p>Als Ehrenamtliche oder Ehrenamtlicher Die vielf\u00e4ltigen Aktivit\u00e4ten der B\u00fcrgerstiftung Lilienthal w\u00e4ren ohne die engagierte Mitarbeit von Ehrenamtlichen, den \u201eZeitstiftern\u201c nicht [&hellip;]<\/p>\n","protected":false},"author":4,"featured_media":0,"parent":0,"menu_order":0,"comment_status":"closed","ping_status":"closed","template":"","meta":{"footnotes":""},"class_list":["post-95","page","type-page","status-publish","hentry"],"_links":{"self":[{"href":"https:\/\/buergerstiftung.virthos.net\/index.php\/wp-json\/wp\/v2\/pages\/95","targetHints":{"allow":["GET"]}}],"collection":[{"href":"https:\/\/buergerstiftung.virthos.net\/index.php\/wp-json\/wp\/v2\/pages"}],"about":[{"href":"https:\/\/buergerstiftung.virthos.net\/index.php\/wp-json\/wp\/v2\/types\/page"}],"author":[{"embeddable":true,"href":"https:\/\/buergerstiftung.virthos.net\/index.php\/wp-json\/wp\/v2\/users\/4"}],"replies":[{"embeddable":true,"href":"https:\/\/buergerstiftung.virthos.net\/index.php\/wp-json\/wp\/v2\/comments?post=95"}],"version-history":[{"count":1,"href":"https:\/\/buergerstiftung.virthos.net\/index.php\/wp-json\/wp\/v2\/pages\/95\/revisions"}],"predecessor-version":[{"id":96,"href":"https:\/\/buergerstiftung.virthos.net\/index.php\/wp-json\/wp\/v2\/pages\/95\/revisions\/96"}],"wp:attachment":[{"href":"https:\/\/buergerstiftung.virthos.net\/index.php\/wp-json\/wp\/v2\/media?parent=95"}],"curies":[{"name":"wp","href":"https:\/\/api.w.org\/{rel}","templated":true}]}}