{"id":90,"date":"2023-06-05T18:02:12","date_gmt":"2023-06-05T16:02:12","guid":{"rendered":"https:\/\/buergerstiftung.virthos.net\/?page_id=90"},"modified":"2023-06-05T18:17:12","modified_gmt":"2023-06-05T16:17:12","slug":"spenden-stiften","status":"publish","type":"page","link":"https:\/\/buergerstiftung.virthos.net\/index.php\/spenden-stiften\/","title":{"rendered":"Spenden &#038; Stiften"},"content":{"rendered":"\n<p>Die B\u00fcrgerstiftung Lilienthal ist eine Gemeinschaftsstiftung von Lilienthalerinnen und Lilienthalern f\u00fcr Lilienthal.<\/p>\n\n\n\n<p>Die Stiftung, gegr\u00fcndet 2002, lebt von der Idee des b\u00fcrgerschaftlichen Engagements. Sie will dem Gemeinwohl dienen, das Gemeinwesen <strong>nachhaltig<\/strong> st\u00e4rken und Kr\u00e4fte der Innovation mobilisieren.<\/p>\n\n\n\n<p>Sie haben viele M\u00f6glichkeiten, sich in und f\u00fcr die B\u00fcrgerstiftung Lilienthal mit Zeit, Geld und Ideen zu engagieren.<\/p>\n\n\n\n<p>Einerseits bieten wir als <strong>Engagement-Anbieter<\/strong> Menschen, die nach einer ehrenamtlichen T\u00e4tigkeit suchen, konkrete Mitmach-M\u00f6glichkeiten an.<\/p>\n\n\n\n<p>Andererseits unterst\u00fctzen wir als <strong>Engagement-Entwickler<\/strong> engagierte Menschen ihre Idee umzusetzen, d.h. eigene Aktivit\u00e4ten im Sinne des Stiftungszweckes zu entfalten: \u201eIch h\u00e4tte da eine Idee&#8230;\u201c.<\/p>\n\n\n\n<p>Unsere Stiftungsziele sind bewusst weit gefasst, damit wir viele Projekte initiieren k\u00f6nnen.<\/p>\n\n\n\n<p>Unsere aktuellen Projekte zu unseren Stiftungszielen finden Sie unter <strong>\u201eProjekte\u201c.<\/strong><\/p>\n\n\n\n<p>Und Sie k\u00f6nnen die B\u00fcrgerstiftung Lilienthal durch<strong> Ihre Spende, Zustiftung <\/strong>oder<strong> Ihre<\/strong> <strong>Letztwillige Verf\u00fcgung<\/strong> unterst\u00fctzen.<br><\/p>\n\n\n\n<p><strong>Sprechen Sie uns an!<\/strong><\/p>\n\n\n\n<h2 class=\"wp-block-heading\"><strong>So k\u00f6nnen Sie helfen<\/strong><\/h2>\n\n\n\n<ul class=\"wp-block-list\">\n<li><a href=\"https:\/\/buergerstiftung.virthos.net\/index.php\/durch-ihre-zeit\/\" data-type=\"page\" data-id=\"95\">durch Ihre Zeit<\/a><\/li>\n\n\n\n<li><a href=\"https:\/\/buergerstiftung.virthos.net\/index.php\/durch-ihre-spende\/\" data-type=\"page\" data-id=\"102\">durch Ihre Spende<\/a><\/li>\n\n\n\n<li><a href=\"https:\/\/buergerstiftung.virthos.net\/index.php\/durch-ihre-zustiftung\/\" data-type=\"page\" data-id=\"104\">durch Ihre Zustiftung<\/a><\/li>\n\n\n\n<li><a href=\"https:\/\/buergerstiftung.virthos.net\/index.php\/ihre-letztwillige-verfuegung\/\" data-type=\"page\" data-id=\"106\">durch Ihre letztwillige Verf\u00fcgung\/Ihr Testament\/Verm\u00e4chtnis<\/a><\/li>\n\n\n\n<li><a href=\"https:\/\/aktion.buergerstiftung-lilienthal.de\/spenden\/\">sofort spenden<\/a><\/li>\n<\/ul>\n\n\n\n<p><\/p>\n\n\n\n<h2 class=\"wp-block-heading\"><strong>Spendenkonten der B\u00fcrgerstiftung Lilienthal<\/strong><\/h2>\n\n\n\n<p>Sparkasse ROW Osterholz \u2013 IBAN DE72 2415 1235 0401 0100 20<\/p>\n\n\n\n<p>Volksbank eG Osterholz Bremerv\u00f6rde \u2013 IBAN DE81 2916 2394 0723 3000 00<\/p>\n","protected":false},"excerpt":{"rendered":"<p>Die B\u00fcrgerstiftung Lilienthal ist eine Gemeinschaftsstiftung von Lilienthalerinnen und Lilienthalern f\u00fcr Lilienthal. Die Stiftung, gegr\u00fcndet 2002, lebt von der Idee [&hellip;]<\/p>\n","protected":false},"author":4,"featured_media":0,"parent":0,"menu_order":0,"comment_status":"closed","ping_status":"closed","template":"","meta":{"footnotes":""},"class_list":["post-90","page","type-page","status-publish","hentry"],"_links":{"self":[{"href":"https:\/\/buergerstiftung.virthos.net\/index.php\/wp-json\/wp\/v2\/pages\/90","targetHints":{"allow":["GET"]}}],"collection":[{"href":"https:\/\/buergerstiftung.virthos.net\/index.php\/wp-json\/wp\/v2\/pages"}],"about":[{"href":"https:\/\/buergerstiftung.virthos.net\/index.php\/wp-json\/wp\/v2\/types\/page"}],"author":[{"embeddable":true,"href":"https:\/\/buergerstiftung.virthos.net\/index.php\/wp-json\/wp\/v2\/users\/4"}],"replies":[{"embeddable":true,"href":"https:\/\/buergerstiftung.virthos.net\/index.php\/wp-json\/wp\/v2\/comments?post=90"}],"version-history":[{"count":4,"href":"https:\/\/buergerstiftung.virthos.net\/index.php\/wp-json\/wp\/v2\/pages\/90\/revisions"}],"predecessor-version":[{"id":109,"href":"https:\/\/buergerstiftung.virthos.net\/index.php\/wp-json\/wp\/v2\/pages\/90\/revisions\/109"}],"wp:attachment":[{"href":"https:\/\/buergerstiftung.virthos.net\/index.php\/wp-json\/wp\/v2\/media?parent=90"}],"curies":[{"name":"wp","href":"https:\/\/api.w.org\/{rel}","templated":true}]}}