{"id":47,"date":"2023-06-05T11:39:17","date_gmt":"2023-06-05T09:39:17","guid":{"rendered":"https:\/\/buergerstiftung.virthos.net\/?page_id=47"},"modified":"2023-07-13T16:18:00","modified_gmt":"2023-07-13T14:18:00","slug":"homepage","status":"publish","type":"page","link":"https:\/\/buergerstiftung.virthos.net\/","title":{"rendered":"Homepage"},"content":{"rendered":"<ul class=\"wp-block-latest-posts__list wp-block-latest-posts\"><li><div class=\"wp-block-latest-posts__featured-image\"><img loading=\"lazy\" decoding=\"async\" width=\"150\" height=\"123\" src=\"https:\/\/buergerstiftung.virthos.net\/wp-content\/uploads\/2023\/06\/amtsgarten-150x123.jpg\" class=\"attachment-thumbnail size-thumbnail wp-post-image\" alt=\"\" style=\"\" \/><\/div><a class=\"wp-block-latest-posts__post-title\" href=\"https:\/\/buergerstiftung.virthos.net\/index.php\/2023\/06\/14\/20-jahre-buergerstiftung\/\">20 Jahre B\u00fcrgerstiftung<\/a><div class=\"wp-block-latest-posts__post-excerpt\">Am 2. Juli 2023 feiern wir im Amtsgarten von 13 bis 18 Uhr das 20j\u00e4hrige Jubil\u00e4um unserer B\u00fcrgerstiftung. Es gibt\u2026\u00a0<a class=\"wp-block-latest-posts__read-more\" href=\"https:\/\/buergerstiftung.virthos.net\/index.php\/2023\/06\/14\/20-jahre-buergerstiftung\/\" rel=\"noopener noreferrer\"><span class=\"screen-reader-text\">20 Jahre B\u00fcrgerstiftung <\/span>weiterlesen<\/a><\/div><\/li>\n<li><div class=\"wp-block-latest-posts__featured-image\"><img loading=\"lazy\" decoding=\"async\" width=\"150\" height=\"150\" src=\"https:\/\/buergerstiftung.virthos.net\/wp-content\/uploads\/2023\/06\/addict-84430_1280-150x150.jpg\" class=\"attachment-thumbnail size-thumbnail wp-post-image\" alt=\"\" style=\"\" \/><\/div><a class=\"wp-block-latest-posts__post-title\" href=\"https:\/\/buergerstiftung.virthos.net\/index.php\/2023\/04\/16\/kippenkampagne\/\">Kippenkampagne<\/a><div class=\"wp-block-latest-posts__post-excerpt\">Infostand der B\u00fcrgerstiftung und des NABU am verkaufsoffenen Sonntag am 23.04.2023 in der Hauptstra\u00dfe in Lilienthal: \u201eZigarettenkippen sind ein brennendes\u2026\u00a0<a class=\"wp-block-latest-posts__read-more\" href=\"https:\/\/buergerstiftung.virthos.net\/index.php\/2023\/04\/16\/kippenkampagne\/\" rel=\"noopener noreferrer\"><span class=\"screen-reader-text\">Kippenkampagne <\/span>weiterlesen<\/a><\/div><\/li>\n<li><a class=\"wp-block-latest-posts__post-title\" href=\"https:\/\/buergerstiftung.virthos.net\/index.php\/2023\/01\/08\/neues-kinderakademie-programm\/\">Neues Kinderakademie-Programm<\/a><div class=\"wp-block-latest-posts__post-excerpt\">Nachfolgend ein Link zur \u00dcbersicht der Kursangebote KaLi-Schlaufuchs Kurse oder direkt zu den Kursen mit der M\u00f6glichkeit zur Anmeldung KaLi-Schlaufuchs<\/div><\/li>\n<li><div class=\"wp-block-latest-posts__featured-image\"><img loading=\"lazy\" decoding=\"async\" width=\"150\" height=\"150\" src=\"https:\/\/buergerstiftung.virthos.net\/wp-content\/uploads\/2023\/07\/Guetesiegel23-150x150.png\" class=\"attachment-thumbnail size-thumbnail wp-post-image\" alt=\"\" style=\"\" srcset=\"https:\/\/buergerstiftung.virthos.net\/wp-content\/uploads\/2023\/07\/Guetesiegel23-150x150.png 150w, https:\/\/buergerstiftung.virthos.net\/wp-content\/uploads\/2023\/07\/Guetesiegel23-300x300.png 300w, https:\/\/buergerstiftung.virthos.net\/wp-content\/uploads\/2023\/07\/Guetesiegel23-12x12.png 12w, https:\/\/buergerstiftung.virthos.net\/wp-content\/uploads\/2023\/07\/Guetesiegel23.png 680w\" sizes=\"auto, (max-width: 150px) 100vw, 150px\" \/><\/div><a class=\"wp-block-latest-posts__post-title\" href=\"https:\/\/buergerstiftung.virthos.net\/index.php\/2023\/01\/03\/281\/\">G\u00fctesiegel f\u00fcr B\u00fcrgerstiftungen<\/a><div class=\"wp-block-latest-posts__post-excerpt\">..des Bundesverbandes Deutscher Stiftungen Das G\u00fctesiegel f\u00fcr B\u00fcrgerstiftungen steht f\u00fcr Qualit\u00e4t und Transparenz im lokalen b\u00fcrgerschaftlichen Engagement und wird seit\u2026\u00a0<a class=\"wp-block-latest-posts__read-more\" href=\"https:\/\/buergerstiftung.virthos.net\/index.php\/2023\/01\/03\/281\/\" rel=\"noopener noreferrer\"><span class=\"screen-reader-text\">G\u00fctesiegel f\u00fcr B\u00fcrgerstiftungen <\/span>weiterlesen<\/a><\/div><\/li>\n<li><div class=\"wp-block-latest-posts__featured-image\"><img loading=\"lazy\" decoding=\"async\" width=\"150\" height=\"150\" src=\"https:\/\/buergerstiftung.virthos.net\/wp-content\/uploads\/2023\/07\/eshbdokl15-w1920h1280-150x150.jpg\" class=\"attachment-thumbnail size-thumbnail wp-post-image\" alt=\"\" style=\"\" \/><\/div><a class=\"wp-block-latest-posts__post-title\" href=\"https:\/\/buergerstiftung.virthos.net\/index.php\/2022\/09\/11\/explore-science-im-bremer-buergerpark\/\">Explore Science im Bremer B\u00fcrgerpark<\/a><div class=\"wp-block-latest-posts__post-excerpt\">Vom 8. bis 10. September veranstaltete die Klaus Tschira Stiftung die naturwissenschaftlichen Erlebnistage Explore Science im Bremer B\u00fcrgerpark unter dem\u2026\u00a0<a class=\"wp-block-latest-posts__read-more\" href=\"https:\/\/buergerstiftung.virthos.net\/index.php\/2022\/09\/11\/explore-science-im-bremer-buergerpark\/\" rel=\"noopener noreferrer\"><span class=\"screen-reader-text\">Explore Science im Bremer B\u00fcrgerpark <\/span>weiterlesen<\/a><\/div><\/li>\n<\/ul>","protected":false},"excerpt":{"rendered":"","protected":false},"author":4,"featured_media":0,"parent":0,"menu_order":0,"comment_status":"closed","ping_status":"closed","template":"frontpage.php","meta":{"footnotes":""},"class_list":["post-47","page","type-page","status-publish","hentry"],"_links":{"self":[{"href":"https:\/\/buergerstiftung.virthos.net\/index.php\/wp-json\/wp\/v2\/pages\/47","targetHints":{"allow":["GET"]}}],"collection":[{"href":"https:\/\/buergerstiftung.virthos.net\/index.php\/wp-json\/wp\/v2\/pages"}],"about":[{"href":"https:\/\/buergerstiftung.virthos.net\/index.php\/wp-json\/wp\/v2\/types\/page"}],"author":[{"embeddable":true,"href":"https:\/\/buergerstiftung.virthos.net\/index.php\/wp-json\/wp\/v2\/users\/4"}],"replies":[{"embeddable":true,"href":"https:\/\/buergerstiftung.virthos.net\/index.php\/wp-json\/wp\/v2\/comments?post=47"}],"version-history":[{"count":3,"href":"https:\/\/buergerstiftung.virthos.net\/index.php\/wp-json\/wp\/v2\/pages\/47\/revisions"}],"predecessor-version":[{"id":270,"href":"https:\/\/buergerstiftung.virthos.net\/index.php\/wp-json\/wp\/v2\/pages\/47\/revisions\/270"}],"wp:attachment":[{"href":"https:\/\/buergerstiftung.virthos.net\/index.php\/wp-json\/wp\/v2\/media?parent=47"}],"curies":[{"name":"wp","href":"https:\/\/api.w.org\/{rel}","templated":true}]}}