{"id":209,"date":"2023-07-12T18:07:57","date_gmt":"2023-07-12T16:07:57","guid":{"rendered":"https:\/\/buergerstiftung.virthos.net\/?page_id=209"},"modified":"2026-04-19T19:04:04","modified_gmt":"2026-04-19T17:04:04","slug":"natur-und-umweltschutz","status":"publish","type":"page","link":"https:\/\/buergerstiftung.virthos.net\/index.php\/natur-und-umweltschutz\/","title":{"rendered":"Klima- und Artenschutzgruppe"},"content":{"rendered":"\n<p>Die Klima- und Artenschutzgruppe ist auf vielf\u00e4ltige Weise aktiv und hat f\u00fcr gr\u00f6\u00dfere Projekte<br>thematische Untergruppen gebildet. Interessierte k\u00f6nnen sich in der Gesamtgruppe oder gezielt in<br>einer Untergruppe engagieren.<br>Wir informieren, begleiten und motivieren B\u00fcrgerinnen und B\u00fcrger, nicht auf politische Vorgaben<br>zu warten, sondern durch eigenes Verhalten direkt vor Ort etwas f\u00fcr den Klimaschutz zu bewirken.<br>Mit alltagstauglichen Beispielen zeigen wir, wie jede und jeder dazu beitragen kann \u2013 und dabei<br>zugleich die eigene Gesundheit und Lebensqualit\u00e4t verbessert.<br>Beispiele f\u00fcr unsere Aktionen:<\/p>\n\n\n\n<p>Vortr\u00e4ge<br>12 Climate-Challenges<br>Brosch\u00fcre \u201eKlimaschutz im Alltag\u201c mit QR-Code<br>Begleitung der Initiative der K\u00f6rber-Stiftung \u201eDeutschland besser machen\u201c<br><br>Aktuelle Aktivit\u00e4ten ver\u00f6ffentlichen wir in unserem WhatsApp-Kanal<br>https:\/\/www.whatsapp.com\/channel\/0029VaUk312BA1etmNIrRl1o<br>Treffen:<br>Jeden letzten Montag im Monat um 19:00 Uhr (au\u00dferhalb der Ferien)<br>Conrad-Naber-Haus, Klosterstra\u00dfe 23<br>Ansprechpersonen: Katrin Pengelley, Angela Klee<br>Kontakt: klimaschutzgruppe@buergerstiftung-lilienthal.de<\/p>\n\n\n\n<p><br><strong>Naturgartengruppe<\/strong><br>G\u00e4rten k\u00f6nnen f\u00fcr unsere Natur wahre Schatzkammern sein. Heimische Wildblumen und Str\u00e4ucher,<br>die vom Fr\u00fchling bis in den Herbst hinein zeitversetzt bl\u00fchen, bieten Insekten wertvolle Pollen- und<br>Nektarquellen. Nat\u00fcrliche Materialien wie Holz, Steine und Wasser schaffen zus\u00e4tzlich<br>Lebensr\u00e4ume f\u00fcr V\u00f6gel, Insekten, Amphibien sowie kleine S\u00e4ugetiere wie Igel und Spitzmaus.<br>Dar\u00fcber hinaus speichern Naturg\u00e4rten Wasser und sorgen im Sommer f\u00fcr K\u00fchlung.<br>Beispiele f\u00fcr unsere Aktionen:<br>Naturgartenwettbewerb<br>Offene Gartenpforte<br>Schaugarten<br>Vortr\u00e4ge<br><br>Treffen:<br>Jeden zweiten Montag im Monat um 19:00 Uhr (au\u00dferhalb der Ferien)<br>Conrad-Naber-Haus, Klosterstra\u00dfe 23<br>Ansprechpersonen: Angela Klee, Andreas Segelken<br>Kontakt: naturgarten@buergerstiftung-lilienthal.de<\/p>\n\n\n\n<p><br><strong>Kleidertauschgruppe<\/strong><br>Viermal j\u00e4hrlich organisieren wir einen Kleidertauschmarkt im Konventshaus (Konventshof 4). Gut<br>erhaltene Kleidungsst\u00fccke (max. 10 Teile), Schuhe und Accessoires k\u00f6nnen mitgebracht und gegen<br>neue Lieblingsst\u00fccke getauscht werden. Die Termine werden rechtzeitig bekannt gegeben.<br>Ansprechpersonen: Katrin Pengelley, Vera Sieberns<br>Kontakt: klimaschutzgruppe@buergerstiftung-lilienthal.de<\/p>\n\n\n\n<p><br><strong>Tauschh\u00fcttengruppe<\/strong><br>Seit Januar 2026 steht auf dem Grundst\u00fcck der B\u00fcrgerstiftung eine \u00f6ffentliche<br>Verschenke-\/Tauschh\u00fctte. Zahlreiche Ehrenamtliche k\u00fcmmern sich um das Auf- und Abschlie\u00dfen,<br>sortieren die Waren, entsorgen M\u00fcll und sorgen f\u00fcr die Instandhaltung der H\u00fctte.<br>Ansprechpersonen: Yvonne Wilhelm, Katrin Pengelley, Angela Klee<br>Kontakt: klimaschutzgruppe@buergerstiftung-lilienthal.de<\/p>\n\n\n\n<p><br><strong>Kippenkampagne<\/strong><br>In Zusammenarbeit mit dem NABU machen wir mit Infomaterial und Aktionen auf die massive<br>Umweltverschmutzung aufmerksam, die von einer einzigen achtlos weggeworfenen<br>Zigarettenkippe ausgeht. An Stra\u00dfenlaternen bringen wir \u00dcberzieher aus LKW-Plane mit dem<br>Aufdruck \u201eJede Kippe z\u00e4hlt\u201c an. In diese werden leere Ein-Liter-Tetra-Packs hineingesteckt und<br>dienen als Aschenbecher. Gesucht werden Mitwirkende, die in ihrem Umfeld eine Patenschaft f\u00fcr<br>einen Kippenbeh\u00e4lter \u00fcbernehmen.<br>Treffen:<br>jeden 2. Mittwoch im Monat um 19 h im Conrad-Naber-Haus, Klosterstra\u00dfe 23<br>Ansprechpersonen: Christa Kolster-Bechmann, Peter Heinemann<br>Kontakt: klimaschutzgruppe@buergerstiftung-lilienthal.de<\/p>\n\n\n\n<p><\/p>\n","protected":false},"excerpt":{"rendered":"<p>Die Klima- und Artenschutzgruppe ist auf vielf\u00e4ltige Weise aktiv und hat f\u00fcr gr\u00f6\u00dfere Projektethematische Untergruppen gebildet. Interessierte k\u00f6nnen sich in [&hellip;]<\/p>\n","protected":false},"author":4,"featured_media":0,"parent":0,"menu_order":0,"comment_status":"closed","ping_status":"closed","template":"","meta":{"footnotes":""},"class_list":["post-209","page","type-page","status-publish","hentry"],"_links":{"self":[{"href":"https:\/\/buergerstiftung.virthos.net\/index.php\/wp-json\/wp\/v2\/pages\/209","targetHints":{"allow":["GET"]}}],"collection":[{"href":"https:\/\/buergerstiftung.virthos.net\/index.php\/wp-json\/wp\/v2\/pages"}],"about":[{"href":"https:\/\/buergerstiftung.virthos.net\/index.php\/wp-json\/wp\/v2\/types\/page"}],"author":[{"embeddable":true,"href":"https:\/\/buergerstiftung.virthos.net\/index.php\/wp-json\/wp\/v2\/users\/4"}],"replies":[{"embeddable":true,"href":"https:\/\/buergerstiftung.virthos.net\/index.php\/wp-json\/wp\/v2\/comments?post=209"}],"version-history":[{"count":4,"href":"https:\/\/buergerstiftung.virthos.net\/index.php\/wp-json\/wp\/v2\/pages\/209\/revisions"}],"predecessor-version":[{"id":327,"href":"https:\/\/buergerstiftung.virthos.net\/index.php\/wp-json\/wp\/v2\/pages\/209\/revisions\/327"}],"wp:attachment":[{"href":"https:\/\/buergerstiftung.virthos.net\/index.php\/wp-json\/wp\/v2\/media?parent=209"}],"curies":[{"name":"wp","href":"https:\/\/api.w.org\/{rel}","templated":true}]}}