{"id":171,"date":"2023-06-14T10:32:56","date_gmt":"2023-06-14T08:32:56","guid":{"rendered":"https:\/\/buergerstiftung.virthos.net\/?page_id=171"},"modified":"2023-06-14T10:32:56","modified_gmt":"2023-06-14T08:32:56","slug":"gewaltpraeventive-massnahmen","status":"publish","type":"page","link":"https:\/\/buergerstiftung.virthos.net\/index.php\/gewaltpraeventive-massnahmen\/","title":{"rendered":"Gewaltpr\u00e4ventive Ma\u00dfnahmen"},"content":{"rendered":"\n<p>Die B\u00fcr\u00adger\u00adstif\u00adtung hat sich zum Ziel gesetzt, Hand\u00adlungs\u00adkon\u00adzep\u00adte zu er\u00adar\u00adbei\u00adten, damit Kinder so fr\u00fch wie m\u00f6g\u00adlich \u00fcber so\u00adzia\u00adle Kom\u00adpe\u00adten\u00adzen verf\u00fcgen. Gemeinsam mit den Kinderg\u00e4rten, den Grundschulen, der Schule f\u00fcr Lernhilfe und Eltern baut sie ein vernetztes Gewaltpr\u00e4ventionsprogramm auf.<\/p>\n\n\n\n<p>Ein wichtiger Baustein in diesem Programm ist &#8222;<strong>Faustlos&#8220;<\/strong>, das erste gro\u00dfe Trainingsprogramm gegen Gewalt, das schon im Kindergarten- und Grundschulalter ansetzt. Faustlos wurde vom Heidelberger Pr\u00e4ventionszentrum entwickelt und aufgrund seiner Effektivit\u00e4t und &#8222;\u00fcberregional beispielhaften Qualit\u00e4t&#8220; wurde das Programm vom Bundesministerium f\u00fcr Bildung und Forschung ausgezeichnet.&nbsp;<\/p>\n\n\n\n<ul class=\"wp-block-list\">\n<li><strong>\u201eFaust\u00adlos\u201c<\/strong> \u2013 wird seit \u00fcber f\u00fcnf Jahren in Li\u00adli\u00aden\u00adtha\u00adler Kin\u00adder\u00adg\u00e4r\u00adten so\u00adwie seit vier Jahren in Li\u00adli\u00ad entha\u00adler G\u00adrundschulen u\u00adnd der Sc\u00adhule f\u00fcr Lernhilfe eingesetzt, so dass Kin\u00adder von der Kindertagesst\u00e4tte bis zum Ende des Grundschulbesuches und in der Schule f\u00fcr Lernhilfe nach den gleichen Regeln lernen,\u00a0Kon\u00adflik\u00adte an\u00adders als per\u00a0Fu\u00df\u00adtritt oder Box\u00adhieb zu l\u00f6\u00adsen. Ziel der Ma\u00dfnahme ist es, nachhaltig auf das Sozialverhalten von Vor- und Grundsch\u00fclern einzuwirken. Dies gelingt am besten, wenn die Grundschule an das ankn\u00fcpfen kann, was bereits im Kindergarten gelernt wurde.<\/li>\n\n\n\n<li><strong>Sport ge\u00adgen Ge\u00adwalt<\/strong> &#8211;\u00a0 auf Initiative der B\u00fcrgerstiftung wurde\u00a0<strong>Ringen<\/strong>\u00a0f\u00fcr Kinder\u00a0von einem Turnverein als Sportart in Lilienthal eingef\u00fchrt mit dem Ziel, Ringen f\u00fcr Kinder als gewaltpr\u00e4ventive Ma\u00dfnahme in Kinderg\u00e4rten und Schulen einzusetzen.<\/li>\n<\/ul>\n","protected":false},"excerpt":{"rendered":"<p>Die B\u00fcr\u00adger\u00adstif\u00adtung hat sich zum Ziel gesetzt, Hand\u00adlungs\u00adkon\u00adzep\u00adte zu er\u00adar\u00adbei\u00adten, damit Kinder so fr\u00fch wie m\u00f6g\u00adlich \u00fcber so\u00adzia\u00adle Kom\u00adpe\u00adten\u00adzen verf\u00fcgen. [&hellip;]<\/p>\n","protected":false},"author":4,"featured_media":0,"parent":0,"menu_order":0,"comment_status":"closed","ping_status":"closed","template":"","meta":{"footnotes":""},"class_list":["post-171","page","type-page","status-publish","hentry"],"_links":{"self":[{"href":"https:\/\/buergerstiftung.virthos.net\/index.php\/wp-json\/wp\/v2\/pages\/171","targetHints":{"allow":["GET"]}}],"collection":[{"href":"https:\/\/buergerstiftung.virthos.net\/index.php\/wp-json\/wp\/v2\/pages"}],"about":[{"href":"https:\/\/buergerstiftung.virthos.net\/index.php\/wp-json\/wp\/v2\/types\/page"}],"author":[{"embeddable":true,"href":"https:\/\/buergerstiftung.virthos.net\/index.php\/wp-json\/wp\/v2\/users\/4"}],"replies":[{"embeddable":true,"href":"https:\/\/buergerstiftung.virthos.net\/index.php\/wp-json\/wp\/v2\/comments?post=171"}],"version-history":[{"count":1,"href":"https:\/\/buergerstiftung.virthos.net\/index.php\/wp-json\/wp\/v2\/pages\/171\/revisions"}],"predecessor-version":[{"id":172,"href":"https:\/\/buergerstiftung.virthos.net\/index.php\/wp-json\/wp\/v2\/pages\/171\/revisions\/172"}],"wp:attachment":[{"href":"https:\/\/buergerstiftung.virthos.net\/index.php\/wp-json\/wp\/v2\/media?parent=171"}],"curies":[{"name":"wp","href":"https:\/\/api.w.org\/{rel}","templated":true}]}}