{"id":166,"date":"2023-06-14T10:28:13","date_gmt":"2023-06-14T08:28:13","guid":{"rendered":"https:\/\/buergerstiftung.virthos.net\/?page_id=166"},"modified":"2026-04-12T15:14:24","modified_gmt":"2026-04-12T13:14:24","slug":"kinderakademie-lilienthal","status":"publish","type":"page","link":"https:\/\/buergerstiftung.virthos.net\/index.php\/kinderakademie-lilienthal\/","title":{"rendered":"Kinderakademie Lilienthal"},"content":{"rendered":"\n<p><\/p>\n\n\n\n<p>2006 gr\u00fcndete die B\u00fcrgerstiftung die <strong><a href=\"http:\/\/kinderakademie.buergerstiftung-lilienthal.de\">Kinderakademie Lilienthal<\/a><\/strong>, um einen Beitrag zu fr\u00fchkindlicher Bildung zu leisten, mit dem wir Neugier und Wissensdrang bei Kindern mit vielf\u00e4ltigen Angeboten f\u00f6rdern. Wir erm\u00f6glichen Kindern einen kreativen Zugang zu Technik, Handwerk, Natur, Gesellschaft, Kunst, Kultur, Wissenschaft und Forschung. Daf\u00fcr gibt es eine Dauerausstellung mit vielen interaktiven Experimentierstationen sowie au\u00dferschulische Experimentierkursen, Exkursionen und Mitmachveranstaltungen. <\/p>\n\n\n\n<p>Weitere Informationen und eine \u00dcbersicht \u00fcber die aktuellen Kurse finden Sie unter <strong><a href=\"http:\/\/kinderakademie.buergerstiftung-lilienthal.de\">Kinderakademie Lilienthal<\/a><\/strong>.<\/p>\n\n\n\n<p><\/p>\n\n\n\n<figure class=\"wp-block-image size-full\"><img loading=\"lazy\" decoding=\"async\" width=\"320\" height=\"214\" src=\"https:\/\/buergerstiftung.virthos.net\/wp-content\/uploads\/2023\/06\/Malenkl.jpg\" alt=\"\" class=\"wp-image-167\" srcset=\"https:\/\/buergerstiftung.virthos.net\/wp-content\/uploads\/2023\/06\/Malenkl.jpg 320w, https:\/\/buergerstiftung.virthos.net\/wp-content\/uploads\/2023\/06\/Malenkl-300x201.jpg 300w\" sizes=\"auto, (max-width: 320px) 100vw, 320px\" \/><\/figure>\n\n\n\n<p><\/p>\n\n\n\n<p>Die \u00dcbersicht \u00fcber die aktuellen Kurse und eine M\u00f6glichkeit zur Anmeldung finden Sie bei <a href=\"http:\/\/www.kali-schlaufuchs.de\/index.php\" target=\"_blank\" rel=\"noreferrer noopener\">KaLi Schlaufuchs<\/a>, der Kinderseite der Kinderakademie.<\/p>\n\n\n\n<p><\/p>\n\n\n\n<p><\/p>\n","protected":false},"excerpt":{"rendered":"<p>2006 gr\u00fcndete die B\u00fcrgerstiftung die Kinderakademie Lilienthal, um einen Beitrag zu fr\u00fchkindlicher Bildung zu leisten, mit dem wir Neugier und [&hellip;]<\/p>\n","protected":false},"author":4,"featured_media":0,"parent":0,"menu_order":0,"comment_status":"closed","ping_status":"closed","template":"","meta":{"footnotes":""},"class_list":["post-166","page","type-page","status-publish","hentry"],"_links":{"self":[{"href":"https:\/\/buergerstiftung.virthos.net\/index.php\/wp-json\/wp\/v2\/pages\/166","targetHints":{"allow":["GET"]}}],"collection":[{"href":"https:\/\/buergerstiftung.virthos.net\/index.php\/wp-json\/wp\/v2\/pages"}],"about":[{"href":"https:\/\/buergerstiftung.virthos.net\/index.php\/wp-json\/wp\/v2\/types\/page"}],"author":[{"embeddable":true,"href":"https:\/\/buergerstiftung.virthos.net\/index.php\/wp-json\/wp\/v2\/users\/4"}],"replies":[{"embeddable":true,"href":"https:\/\/buergerstiftung.virthos.net\/index.php\/wp-json\/wp\/v2\/comments?post=166"}],"version-history":[{"count":3,"href":"https:\/\/buergerstiftung.virthos.net\/index.php\/wp-json\/wp\/v2\/pages\/166\/revisions"}],"predecessor-version":[{"id":308,"href":"https:\/\/buergerstiftung.virthos.net\/index.php\/wp-json\/wp\/v2\/pages\/166\/revisions\/308"}],"wp:attachment":[{"href":"https:\/\/buergerstiftung.virthos.net\/index.php\/wp-json\/wp\/v2\/media?parent=166"}],"curies":[{"name":"wp","href":"https:\/\/api.w.org\/{rel}","templated":true}]}}