{"id":119,"date":"2023-06-05T18:24:40","date_gmt":"2023-06-05T16:24:40","guid":{"rendered":"https:\/\/buergerstiftung.virthos.net\/?page_id=119"},"modified":"2026-04-12T15:29:41","modified_gmt":"2026-04-12T13:29:41","slug":"stiftungsbriefe","status":"publish","type":"page","link":"https:\/\/buergerstiftung.virthos.net\/index.php\/stiftungsbriefe\/","title":{"rendered":"Stiftungsbriefe"},"content":{"rendered":"\n<p>Die B\u00fcrgerstiftung informiert ihre Stiftenden sowie die \u00d6ffentlichkeit<br>regelm\u00e4\u00dfig und transparent \u00fcber ihre T\u00e4tigkeiten. Die nachfolgend aufrufbaren<br>Briefe geben eine \u00dcbersicht \u00fcber das Stiftungsgeschehen in der vergangenen<br>Periode. Weitere Stiftungsbriefe senden wir Ihnen gerne auf Anfrage zu.<\/p>\n\n\n\n<p><a href=\"https:\/\/buergerstiftung.virthos.net\/wp-content\/uploads\/2023\/06\/Weihnbrf22.pdf\" target=\"_blank\" rel=\"noreferrer noopener\">Weihnachtsbrief 202<\/a>5<\/p>\n\n\n\n<p><a href=\"https:\/\/buergerstiftung.virthos.net\/wp-content\/uploads\/2023\/06\/Stfbf0621.pdf\">Stiftungsbrief 202<\/a>4<\/p>\n\n\n\n<p><\/p>\n","protected":false},"excerpt":{"rendered":"<p>Die B\u00fcrgerstiftung informiert ihre Stiftenden sowie die \u00d6ffentlichkeitregelm\u00e4\u00dfig und transparent \u00fcber ihre T\u00e4tigkeiten. Die nachfolgend aufrufbarenBriefe geben eine \u00dcbersicht \u00fcber [&hellip;]<\/p>\n","protected":false},"author":4,"featured_media":0,"parent":0,"menu_order":0,"comment_status":"closed","ping_status":"closed","template":"","meta":{"footnotes":""},"class_list":["post-119","page","type-page","status-publish","hentry"],"_links":{"self":[{"href":"https:\/\/buergerstiftung.virthos.net\/index.php\/wp-json\/wp\/v2\/pages\/119","targetHints":{"allow":["GET"]}}],"collection":[{"href":"https:\/\/buergerstiftung.virthos.net\/index.php\/wp-json\/wp\/v2\/pages"}],"about":[{"href":"https:\/\/buergerstiftung.virthos.net\/index.php\/wp-json\/wp\/v2\/types\/page"}],"author":[{"embeddable":true,"href":"https:\/\/buergerstiftung.virthos.net\/index.php\/wp-json\/wp\/v2\/users\/4"}],"replies":[{"embeddable":true,"href":"https:\/\/buergerstiftung.virthos.net\/index.php\/wp-json\/wp\/v2\/comments?post=119"}],"version-history":[{"count":4,"href":"https:\/\/buergerstiftung.virthos.net\/index.php\/wp-json\/wp\/v2\/pages\/119\/revisions"}],"predecessor-version":[{"id":316,"href":"https:\/\/buergerstiftung.virthos.net\/index.php\/wp-json\/wp\/v2\/pages\/119\/revisions\/316"}],"wp:attachment":[{"href":"https:\/\/buergerstiftung.virthos.net\/index.php\/wp-json\/wp\/v2\/media?parent=119"}],"curies":[{"name":"wp","href":"https:\/\/api.w.org\/{rel}","templated":true}]}}