{"id":117,"date":"2023-06-05T18:23:01","date_gmt":"2023-06-05T16:23:01","guid":{"rendered":"https:\/\/buergerstiftung.virthos.net\/?page_id=117"},"modified":"2026-04-12T15:24:20","modified_gmt":"2026-04-12T13:24:20","slug":"unsere-ziele","status":"publish","type":"page","link":"https:\/\/buergerstiftung.virthos.net\/index.php\/unsere-ziele\/","title":{"rendered":"Unsere Ziele und unsere Satzung"},"content":{"rendered":"\n<p>Zweck der Stiftung ist die Initiierung und F\u00f6rderung von Bildung und Erziehung,<br>Kunst und Kultur, Umwelt- und Naturschutz, Sozialwesen, Sport, \u00f6ffentlichem<br>Gesundheitswesen, Unterst\u00fctzung hilfsbed\u00fcrftiger Personen und Integration<br>gesellschaftlicher Randgruppen in der Gemeinde Lilienthal. So ist es in unserer<br>Satzung\u2192 (Download) festgelegt und so setzen wir es mit viel Engagement um.<br>Ein Schwerpunkt der Aktivit\u00e4ten liegt derzeit im Bereich der F\u00f6rderung von<br>Kindern und Jugendlichen, Klima- und Umweltschutz sowie dem Erhalt des<br>Conrad-Naber-Hauses. N\u00e4here Einzelheiten dazu entnehmen Sie bitte unseren<br>Projekten\u2192 (LINK)<\/p>\n\n\n\n<p><\/p>\n\n\n\n<p><\/p>\n","protected":false},"excerpt":{"rendered":"<p>Zweck der Stiftung ist die Initiierung und F\u00f6rderung von Bildung und Erziehung,Kunst und Kultur, Umwelt- und Naturschutz, Sozialwesen, Sport, \u00f6ffentlichemGesundheitswesen, [&hellip;]<\/p>\n","protected":false},"author":4,"featured_media":0,"parent":0,"menu_order":0,"comment_status":"closed","ping_status":"closed","template":"","meta":{"footnotes":""},"class_list":["post-117","page","type-page","status-publish","hentry"],"_links":{"self":[{"href":"https:\/\/buergerstiftung.virthos.net\/index.php\/wp-json\/wp\/v2\/pages\/117","targetHints":{"allow":["GET"]}}],"collection":[{"href":"https:\/\/buergerstiftung.virthos.net\/index.php\/wp-json\/wp\/v2\/pages"}],"about":[{"href":"https:\/\/buergerstiftung.virthos.net\/index.php\/wp-json\/wp\/v2\/types\/page"}],"author":[{"embeddable":true,"href":"https:\/\/buergerstiftung.virthos.net\/index.php\/wp-json\/wp\/v2\/users\/4"}],"replies":[{"embeddable":true,"href":"https:\/\/buergerstiftung.virthos.net\/index.php\/wp-json\/wp\/v2\/comments?post=117"}],"version-history":[{"count":3,"href":"https:\/\/buergerstiftung.virthos.net\/index.php\/wp-json\/wp\/v2\/pages\/117\/revisions"}],"predecessor-version":[{"id":314,"href":"https:\/\/buergerstiftung.virthos.net\/index.php\/wp-json\/wp\/v2\/pages\/117\/revisions\/314"}],"wp:attachment":[{"href":"https:\/\/buergerstiftung.virthos.net\/index.php\/wp-json\/wp\/v2\/media?parent=117"}],"curies":[{"name":"wp","href":"https:\/\/api.w.org\/{rel}","templated":true}]}}