{"id":114,"date":"2023-06-05T18:21:30","date_gmt":"2023-06-05T16:21:30","guid":{"rendered":"https:\/\/buergerstiftung.virthos.net\/?page_id=114"},"modified":"2026-04-12T15:20:43","modified_gmt":"2026-04-12T13:20:43","slug":"struktur-und-gremien","status":"publish","type":"page","link":"https:\/\/buergerstiftung.virthos.net\/index.php\/struktur-und-gremien\/","title":{"rendered":"Struktur und Organe der B\u00fcrgerstiftung"},"content":{"rendered":"\n<p>Der Vorstand vertritt die B\u00fcrgerstiftung gerichtlich und au\u00dfergerichtlich und ist<br>ihr gesetzlicher Vertreter. Er wird vom Stiftungsrat f\u00fcr 2 Jahre gew\u00e4hlt und kann<br>aus 3 bis 7 Personen gebildet werden. Seit Juli 2025 besteht er aus Hans-J\u00fcrgen<br>Bl\u00f6cker, Jutta-Irene Dehlwes-Grotefend und Karl-Heinz Lesemann. Der Vorstand<br>ist f\u00fcr die Gesch\u00e4ftst\u00e4tigkeit der Stiftung verantwortlich und hat seine<br>T\u00e4tigkeiten in der \u201eGesch\u00e4ftsordnung des Vorstands\u201c Anfang 2026 festgelegt.\u2192<br>(Download Gesch\u00e4ftsordnung)<br>Gew\u00e4hlt werden die Vorstandsmitglieder vom Stiftungsrat. Dies dient als<br>Kontrollmechanismus und besteht aus 5 bis 15 Personen (die Anzahl der<br>Personen legt die Stiftungsversammlung fest), die f\u00fcr eine Amtszeit von 3<br>Jahren von der Stiftungsversammlung gew\u00e4hlt werden. Alle Personen, die<br>500\u20ac der B\u00fcrgerstiftung Lilienthal zugestiftet haben, sind auf Lebenszeit<br>berechtigt, Teil der Versammlung und somit stimmberechtigt zu sein.<br>Die Stiftungsversammlung, der Stiftungsrat und der Vorstand k\u00f6nnen<br>gemeinsam Satzungs\u00e4nderungen beschlie\u00dfen oder auch die Aufl\u00f6sung der<br>Stiftung. Neben diesen Organen kann die Stiftung Fachaussch\u00fcsse und ein<br>Kuratorium berufen.<br>Einzelheiten zu den Organen und ihren Aufgaben finden Sie in dem<br>nachfolgenden Schaubild.<\/p>\n\n\n\n<figure class=\"wp-block-image size-full\"><img loading=\"lazy\" decoding=\"async\" width=\"768\" height=\"1024\" src=\"https:\/\/buergerstiftung.virthos.net\/wp-content\/uploads\/2026\/04\/Diagramm_GremienBuergerstiftungLilienthal2026.png\" alt=\"\" class=\"wp-image-309\" srcset=\"https:\/\/buergerstiftung.virthos.net\/wp-content\/uploads\/2026\/04\/Diagramm_GremienBuergerstiftungLilienthal2026.png 768w, https:\/\/buergerstiftung.virthos.net\/wp-content\/uploads\/2026\/04\/Diagramm_GremienBuergerstiftungLilienthal2026-225x300.png 225w, https:\/\/buergerstiftung.virthos.net\/wp-content\/uploads\/2026\/04\/Diagramm_GremienBuergerstiftungLilienthal2026-9x12.png 9w\" sizes=\"auto, (max-width: 768px) 100vw, 768px\" \/><\/figure>\n","protected":false},"excerpt":{"rendered":"<p>Der Vorstand vertritt die B\u00fcrgerstiftung gerichtlich und au\u00dfergerichtlich und istihr gesetzlicher Vertreter. Er wird vom Stiftungsrat f\u00fcr 2 Jahre gew\u00e4hlt [&hellip;]<\/p>\n","protected":false},"author":4,"featured_media":0,"parent":0,"menu_order":0,"comment_status":"closed","ping_status":"closed","template":"","meta":{"footnotes":""},"class_list":["post-114","page","type-page","status-publish","hentry"],"_links":{"self":[{"href":"https:\/\/buergerstiftung.virthos.net\/index.php\/wp-json\/wp\/v2\/pages\/114","targetHints":{"allow":["GET"]}}],"collection":[{"href":"https:\/\/buergerstiftung.virthos.net\/index.php\/wp-json\/wp\/v2\/pages"}],"about":[{"href":"https:\/\/buergerstiftung.virthos.net\/index.php\/wp-json\/wp\/v2\/types\/page"}],"author":[{"embeddable":true,"href":"https:\/\/buergerstiftung.virthos.net\/index.php\/wp-json\/wp\/v2\/users\/4"}],"replies":[{"embeddable":true,"href":"https:\/\/buergerstiftung.virthos.net\/index.php\/wp-json\/wp\/v2\/comments?post=114"}],"version-history":[{"count":4,"href":"https:\/\/buergerstiftung.virthos.net\/index.php\/wp-json\/wp\/v2\/pages\/114\/revisions"}],"predecessor-version":[{"id":310,"href":"https:\/\/buergerstiftung.virthos.net\/index.php\/wp-json\/wp\/v2\/pages\/114\/revisions\/310"}],"wp:attachment":[{"href":"https:\/\/buergerstiftung.virthos.net\/index.php\/wp-json\/wp\/v2\/media?parent=114"}],"curies":[{"name":"wp","href":"https:\/\/api.w.org\/{rel}","templated":true}]}}