{"id":106,"date":"2023-06-05T18:15:32","date_gmt":"2023-06-05T16:15:32","guid":{"rendered":"https:\/\/buergerstiftung.virthos.net\/?page_id=106"},"modified":"2023-06-05T18:15:32","modified_gmt":"2023-06-05T16:15:32","slug":"ihre-letztwillige-verfuegung","status":"publish","type":"page","link":"https:\/\/buergerstiftung.virthos.net\/index.php\/ihre-letztwillige-verfuegung\/","title":{"rendered":"Ihre letztwillige Verf\u00fcgung"},"content":{"rendered":"\n<p><strong>Ihre letztwillige Verf\u00fcgung, Ihr Testament\/Verm\u00e4chtnis<\/strong><\/p>\n\n\n\n<p>Wenn Sie die B\u00fcrgerstiftung Lilienthal in Ihrem Testament als Erbin (insgesamt), Miterbin (zu einem Teil) oder Verm\u00e4chtnisnehmerin (f\u00fcr einen Betrag oder Gegenstand) einsetzen, so bleibt diese frei von Erbschaftssteuer (\u00a713 Erbschaftssteuergesetz). Au\u00dferdem ist eine r\u00fcckwirkende Befreiung von eigener Erbschaftssteuer bei \u00dcbertragung des Verm\u00f6gens innerhalb von zwei Jahren nach dem Erbfall, zum Beispiel auf die B\u00fcrgerstiftung Lilienthal, m\u00f6glich (\u00a7 29 Abs. 1 Nr. 4 S.1 ErbStG).<\/p>\n\n\n\n<p>Sie k\u00f6nnen genau festlegen, wof\u00fcr Ihr Nachlass verwendet werden soll, als:<\/p>\n\n\n\n<ul class=\"wp-block-list\">\n<li>Spende<\/li>\n\n\n\n<li>Zustiftung<\/li>\n\n\n\n<li>Zuwendung an einen unserer Themen-Fonds<\/li>\n\n\n\n<li>Errichtung eines eigenen Namensfonds oder einer eigenen Treuhandstiftung<\/li>\n<\/ul>\n","protected":false},"excerpt":{"rendered":"<p>Ihre letztwillige Verf\u00fcgung, Ihr Testament\/Verm\u00e4chtnis Wenn Sie die B\u00fcrgerstiftung Lilienthal in Ihrem Testament als Erbin (insgesamt), Miterbin (zu einem Teil) [&hellip;]<\/p>\n","protected":false},"author":4,"featured_media":0,"parent":0,"menu_order":0,"comment_status":"closed","ping_status":"closed","template":"","meta":{"footnotes":""},"class_list":["post-106","page","type-page","status-publish","hentry"],"_links":{"self":[{"href":"https:\/\/buergerstiftung.virthos.net\/index.php\/wp-json\/wp\/v2\/pages\/106","targetHints":{"allow":["GET"]}}],"collection":[{"href":"https:\/\/buergerstiftung.virthos.net\/index.php\/wp-json\/wp\/v2\/pages"}],"about":[{"href":"https:\/\/buergerstiftung.virthos.net\/index.php\/wp-json\/wp\/v2\/types\/page"}],"author":[{"embeddable":true,"href":"https:\/\/buergerstiftung.virthos.net\/index.php\/wp-json\/wp\/v2\/users\/4"}],"replies":[{"embeddable":true,"href":"https:\/\/buergerstiftung.virthos.net\/index.php\/wp-json\/wp\/v2\/comments?post=106"}],"version-history":[{"count":1,"href":"https:\/\/buergerstiftung.virthos.net\/index.php\/wp-json\/wp\/v2\/pages\/106\/revisions"}],"predecessor-version":[{"id":107,"href":"https:\/\/buergerstiftung.virthos.net\/index.php\/wp-json\/wp\/v2\/pages\/106\/revisions\/107"}],"wp:attachment":[{"href":"https:\/\/buergerstiftung.virthos.net\/index.php\/wp-json\/wp\/v2\/media?parent=106"}],"curies":[{"name":"wp","href":"https:\/\/api.w.org\/{rel}","templated":true}]}}