{"id":104,"date":"2023-06-05T18:13:32","date_gmt":"2023-06-05T16:13:32","guid":{"rendered":"https:\/\/buergerstiftung.virthos.net\/?page_id=104"},"modified":"2023-06-05T18:13:32","modified_gmt":"2023-06-05T16:13:32","slug":"durch-ihre-zustiftung","status":"publish","type":"page","link":"https:\/\/buergerstiftung.virthos.net\/index.php\/durch-ihre-zustiftung\/","title":{"rendered":"Durch Ihre Zustiftung"},"content":{"rendered":"\n<p><strong>Als Stifterin oder Stifter<\/strong><\/p>\n\n\n\n<p>Ein vorrangiges Ziel der B\u00fcrgerstiftung ist der Aufbau des Stiftungsverm\u00f6gens, dieses ist f\u00fcr die Ewigkeit und darf nicht angetastet werden. Mit einer Zustiftung erh\u00f6hen Sie das Kapital der B\u00fcrgerstiftung Lilienthal und erm\u00f6glichen mit den j\u00e4hrlichen Ertr\u00e4gen aus dem Stiftungsverm\u00f6gen die dauerhafte Finanzierung von gemeinn\u00fctzigen Projekten in Lilienthal.<\/p>\n\n\n\n<p>Ab einer Zustiftung von 500,- \u20ac haben Sie lebenslanges Stimmrecht in der Stifterversammlung und k\u00f6nnen so Einfluss auf die Arbeit der B\u00fcrgerstiftung nehmen.<\/p>\n\n\n\n<p>Der Kreis der Lilienthaler B\u00fcrgerinnen und B\u00fcrger w\u00e4chst seit dem Gr\u00fcndungsjahr 2002. Wir w\u00fcrden uns freuen, auch Sie in diesem Kreis begr\u00fc\u00dfen zu d\u00fcrfen.<\/p>\n\n\n\n<p>Jetzt sofort <a href=\"https:\/\/aktion.buergerstiftung-lilienthal.de\/spenden\/\">spenden<\/a>.<\/p>\n\n\n\n<p>Es gibt verschiedene M\u00f6glichkeiten, wie Sie die B\u00fcrgerstiftung Lilienthal als Stifter unterst\u00fctzen k\u00f6nnen.<br><\/p>\n\n\n\n<p><strong>Ihr Stiftungs-\/ Namensfonds<\/strong><\/p>\n\n\n\n<p>Die Errichtung eines Stiftungsfonds bietet Ihnen die Chance, mit minimalem administrativem Aufwand und ohne zus\u00e4tzliche Verwaltungskosten eigene Schwerpunkte zu setzen. Mit einem Betrag von mdst. 5.000,- \u20ac k\u00f6nnen Sie einen Stiftungsfonds einrichten. Das zugestiftete Fonds-Kapital wird Teil des Verm\u00f6gens der B\u00fcrgerstiftung Lilienthal, wird aber innerhalb dessen als Sonderverm\u00f6gen gef\u00fchrt. Fonds verf\u00fcgen \u00fcber keine eigenen Gremien. Bei der Verwendung der Mittel genie\u00dfen die Anliegen und W\u00fcnsche der Stifter h\u00f6chste Priorit\u00e4t und werden vertraglich geregelt. Dabei ist uns Transparenz sehr wichtig. Sie k\u00f6nnen diesem Fonds Ihren Namen (<strong>Namensfonds)<\/strong> geben und im Rahmen der Stiftungssatzung auch festlegen, welche Zwecke gef\u00f6rdert werden sollen. Auch die Entscheidung, welche Aktivit\u00e4ten und Projekte konkret mit den Erl\u00f6sen gef\u00f6rdert werden sollen, liegt \u2013 wenn Sie es w\u00fcnschen \u2013 bei Ihnen. Bei der Auswahl der Projekte beraten wir Sie gerne.<br><\/p>\n\n\n\n<p><strong>Ihre Zustiftung in einen Themenfonds<\/strong><\/p>\n\n\n\n<p>Dabei handelt es sich um die B\u00fcndelung von Zustiftungen zu einem bestimmten Zweck (z.B. Bildung, Kinderakademie). Ertr\u00e4ge aus diesem Verm\u00f6gensteil d\u00fcrfen nur f\u00fcr diese Zwecke ausgegeben werden.<br><\/p>\n\n\n\n<p><strong>Ihre eigene Stiftung (Treuhandstiftung)<\/strong><\/p>\n\n\n\n<p>Eine Treuhandstiftung ist eine rechtlich unselbst\u00e4ndige Stiftung unter dem Dach der B\u00fcrgerstiftung Lilienthal. Die B\u00fcrgerstiftung Lilienthal \u00fcbernimmt als Treuh\u00e4nderin die Organisation und die Verwaltung. Ab einem Betrag von 100.000 \u20ac k\u00f6nnen Sie eine eigene Stiftung mit eigener Stiftungssatzung unter dem Dach der B\u00fcrgerstiftung Lilienthal gr\u00fcnden. Die Stiftung tr\u00e4gt einen Namen Ihrer Wahl und verfolgt genau die Zwecke, die Ihnen wichtig sind. Als Stifter entscheiden Sie \u00fcber die Besetzung des Stiftungsrates (dem Gremium Ihrer Stiftung), den Stiftungszweck sowie \u00fcber die Auswahl der Projekte. Da die B\u00fcrgerstiftung die administrativen Aufgaben \u00fcbernimmt, k\u00f6nnen Sie sich ganz auf die Stiftungsaktivit\u00e4ten konzentrieren.<\/p>\n","protected":false},"excerpt":{"rendered":"<p>Als Stifterin oder Stifter Ein vorrangiges Ziel der B\u00fcrgerstiftung ist der Aufbau des Stiftungsverm\u00f6gens, dieses ist f\u00fcr die Ewigkeit und [&hellip;]<\/p>\n","protected":false},"author":4,"featured_media":0,"parent":0,"menu_order":0,"comment_status":"closed","ping_status":"closed","template":"","meta":{"footnotes":""},"class_list":["post-104","page","type-page","status-publish","hentry"],"_links":{"self":[{"href":"https:\/\/buergerstiftung.virthos.net\/index.php\/wp-json\/wp\/v2\/pages\/104","targetHints":{"allow":["GET"]}}],"collection":[{"href":"https:\/\/buergerstiftung.virthos.net\/index.php\/wp-json\/wp\/v2\/pages"}],"about":[{"href":"https:\/\/buergerstiftung.virthos.net\/index.php\/wp-json\/wp\/v2\/types\/page"}],"author":[{"embeddable":true,"href":"https:\/\/buergerstiftung.virthos.net\/index.php\/wp-json\/wp\/v2\/users\/4"}],"replies":[{"embeddable":true,"href":"https:\/\/buergerstiftung.virthos.net\/index.php\/wp-json\/wp\/v2\/comments?post=104"}],"version-history":[{"count":1,"href":"https:\/\/buergerstiftung.virthos.net\/index.php\/wp-json\/wp\/v2\/pages\/104\/revisions"}],"predecessor-version":[{"id":105,"href":"https:\/\/buergerstiftung.virthos.net\/index.php\/wp-json\/wp\/v2\/pages\/104\/revisions\/105"}],"wp:attachment":[{"href":"https:\/\/buergerstiftung.virthos.net\/index.php\/wp-json\/wp\/v2\/media?parent=104"}],"curies":[{"name":"wp","href":"https:\/\/api.w.org\/{rel}","templated":true}]}}