{"id":102,"date":"2023-06-05T18:12:39","date_gmt":"2023-06-05T16:12:39","guid":{"rendered":"https:\/\/buergerstiftung.virthos.net\/?page_id=102"},"modified":"2023-06-05T18:12:39","modified_gmt":"2023-06-05T16:12:39","slug":"durch-ihre-spende","status":"publish","type":"page","link":"https:\/\/buergerstiftung.virthos.net\/index.php\/durch-ihre-spende\/","title":{"rendered":"Durch Ihre Spende"},"content":{"rendered":"\n<p>Jeder Euro z\u00e4hlt! Ihre Spende flie\u00dft direkt in ein von uns gef\u00f6rdertes Projekt oder ein F\u00f6rderprojekt Ihrer Wahl, dabei gibt es verschiedene M\u00f6glichkeiten:<br><\/p>\n\n\n\n<p><strong>Einmalige Spende<\/strong><\/p>\n\n\n\n<p>Ihre Spende kommt direkt dorthin, wo sie gebraucht wird: in die Projektarbeit. Sie wirkt unmittelbar.<br><\/p>\n\n\n\n<p><strong>Dauerhafte Spende<\/strong><\/p>\n\n\n\n<p>Wenn Sie die Arbeit der B\u00fcrgerstiftung Lilienthal dauerhaft unterst\u00fctzen m\u00f6chten, k\u00f6nnen Sie das auf verschiedene Weise tun. Mit einer Einzugserm\u00e4chtigung z.B. k\u00f6nnen Sie sich ganz gezielt in einem bestimmten Bereich engagieren.<br><\/p>\n\n\n\n<p><strong>Anlassspende \u2013 Spenden statt schenken<\/strong><\/p>\n\n\n\n<p>Bei Geburtstagen, Jubil\u00e4en, Festen oder anderen Anl\u00e4ssen wei\u00df man oft nicht, was man sich w\u00fcnschen oder schenken soll \u2013 warum also nicht die Freude teilen und zu Spenden zugunsten der B\u00fcrgerstiftung Lilienthal aufrufen?<br><\/p>\n\n\n\n<p><strong>Kranzspenden<\/strong><\/p>\n\n\n\n<p>Auch anl\u00e4sslich einer Trauerfeier um Kondolenzspenden zu bitten, kann eine Alternative zu Blumen und Kr\u00e4nzen sein.<br><\/p>\n\n\n\n<p><strong>Sammelaktionen und Veranstaltungen<\/strong><\/p>\n\n\n\n<p>Versteigerungen, Bridge- und Golfturniere, Basare oder Benefizkonzerte \u2013 gemeinsam etwas zu bewegen macht Spa\u00df. Wir unterst\u00fctzen Ihr ehrenamtliches Engagement mit Rat und Hilfe.<\/p>\n\n\n\n<p>Sprechen Sie uns an!<\/p>\n\n\n\n<p>Oder <a href=\"https:\/\/aktion.buergerstiftung-lilienthal.de\/spenden\/\">spenden <\/a>Sie sofort!<\/p>\n","protected":false},"excerpt":{"rendered":"<p>Jeder Euro z\u00e4hlt! Ihre Spende flie\u00dft direkt in ein von uns gef\u00f6rdertes Projekt oder ein F\u00f6rderprojekt Ihrer Wahl, dabei gibt [&hellip;]<\/p>\n","protected":false},"author":4,"featured_media":0,"parent":0,"menu_order":0,"comment_status":"closed","ping_status":"closed","template":"","meta":{"footnotes":""},"class_list":["post-102","page","type-page","status-publish","hentry"],"_links":{"self":[{"href":"https:\/\/buergerstiftung.virthos.net\/index.php\/wp-json\/wp\/v2\/pages\/102","targetHints":{"allow":["GET"]}}],"collection":[{"href":"https:\/\/buergerstiftung.virthos.net\/index.php\/wp-json\/wp\/v2\/pages"}],"about":[{"href":"https:\/\/buergerstiftung.virthos.net\/index.php\/wp-json\/wp\/v2\/types\/page"}],"author":[{"embeddable":true,"href":"https:\/\/buergerstiftung.virthos.net\/index.php\/wp-json\/wp\/v2\/users\/4"}],"replies":[{"embeddable":true,"href":"https:\/\/buergerstiftung.virthos.net\/index.php\/wp-json\/wp\/v2\/comments?post=102"}],"version-history":[{"count":1,"href":"https:\/\/buergerstiftung.virthos.net\/index.php\/wp-json\/wp\/v2\/pages\/102\/revisions"}],"predecessor-version":[{"id":103,"href":"https:\/\/buergerstiftung.virthos.net\/index.php\/wp-json\/wp\/v2\/pages\/102\/revisions\/103"}],"wp:attachment":[{"href":"https:\/\/buergerstiftung.virthos.net\/index.php\/wp-json\/wp\/v2\/media?parent=102"}],"curies":[{"name":"wp","href":"https:\/\/api.w.org\/{rel}","templated":true}]}}